{"id":3863,"date":"2023-10-10T10:57:17","date_gmt":"2023-10-10T08:57:17","guid":{"rendered":"https:\/\/dev.hydriawater.se\/trygghetsavtale\/"},"modified":"2024-09-06T16:07:56","modified_gmt":"2024-09-06T14:07:56","slug":"trygghetsavtale","status":"publish","type":"page","link":"https:\/\/dev.hydriawater.se\/no\/trygghetsavtale\/","title":{"rendered":"Trygghetsavtale"},"content":{"rendered":"\t\t<div data-elementor-type=\"wp-page\" data-elementor-id=\"3863\" class=\"elementor elementor-3863 elementor-1856\" data-elementor-post-type=\"page\">\n\t\t\t\t<div class=\"elementor-element elementor-element-1d344c7 e-flex e-con-boxed e-con e-parent\" data-id=\"1d344c7\" data-element_type=\"container\">\n\t\t\t\t\t<div class=\"e-con-inner\">\n\t\t\t\t<div class=\"elementor-element elementor-element-4a658a6 elementor-widget elementor-widget-heading\" data-id=\"4a658a6\" data-element_type=\"widget\" data-widget_type=\"heading.default\">\n\t\t\t\t<div class=\"elementor-widget-container\">\n\t\t\t\t\t<h2 class=\"elementor-heading-title elementor-size-default\">Trygghetsavtale<\/h2>\t\t\t\t<\/div>\n\t\t\t\t<\/div>\n\t\t\t\t<div class=\"elementor-element elementor-element-367334c elementor-widget elementor-widget-text-editor\" data-id=\"367334c\" data-element_type=\"widget\" data-widget_type=\"text-editor.default\">\n\t\t\t\t<div class=\"elementor-widget-container\">\n\t\t\t\t\t\t\t\t\t<p>N\u00e5r du tegner Hydria Waters Trygghetsavtale, utf\u00f8rer v\u00e5re eksperter regelmessig og forebyggende tilsyn av maskinene vi har levert. Vi holder oversikt over serviceintervaller, bestiller og gjennomf\u00f8rer inspeksjoner. Trygghetsavtalen gir deg som kunde trygghet i at all utstyr fungerer som det skal, og minimerer risikoen for akutte driftsstopp. <span class=\"Apple-converted-space\">\u00a0<\/span><\/p>\n<p>Med en trygghetsavtale er du alltid en prioritert kunde hos oss. Dette betyr at vi raskt er tilgjengelige hvis noe uventet skulle skje mellom v\u00e5re planlagte bes\u00f8k. Det er ogs\u00e5 mange muligheter for \u00e5 utarbeide en komplett plan der vi sammen setter opp et program med service-, monterings-, oppl\u00e6rings- og vedlikeholdstjenester som passer deres virksomhet og installasjon.<span class=\"Apple-converted-space\">\u00a0<\/span><\/p>\n\t\t\t\t\t\t\t\t<\/div>\n\t\t\t\t<\/div>\n\t\t<div class=\"elementor-element elementor-element-d7cfb15 e-flex e-con-boxed e-con e-child\" data-id=\"d7cfb15\" data-element_type=\"container\" data-settings=\"{&quot;background_background&quot;:&quot;classic&quot;}\">\n\t\t\t\t\t<div class=\"e-con-inner\">\n\t\t\t\t\t<\/div>\n\t\t\t\t<\/div>\n\t\t\t\t\t<\/div>\n\t\t\t\t<\/div>\n\t\t\t\t<\/div>\n\t\t","protected":false},"excerpt":{"rendered":"<p>Trygghetsavtale N\u00e5r du tegner Hydria Waters Trygghetsavtale, utf\u00f8rer v\u00e5re eksperter regelmessig og forebyggende tilsyn av maskinene vi har levert. Vi holder oversikt over serviceintervaller, bestiller og gjennomf\u00f8rer inspeksjoner. Trygghetsavtalen gir deg som kunde trygghet i at all utstyr fungerer som det skal, og minimerer risikoen for akutte driftsstopp. \u00a0 Med en trygghetsavtale er du alltid [&hellip;]<\/p>\n","protected":false},"author":1,"featured_media":0,"parent":0,"menu_order":0,"comment_status":"closed","ping_status":"closed","template":"","meta":{"_acf_changed":false,"footnotes":""},"class_list":["post-3863","page","type-page","status-publish","hentry"],"acf":[],"yoast_head":"<!-- This site is optimized with the Yoast SEO plugin v25.7 - https:\/\/yoast.com\/wordpress\/plugins\/seo\/ -->\n<title>Trygghetsavtale &#8211; Hydria Water<\/title>\n<meta name=\"robots\" content=\"index, follow, max-snippet:-1, max-image-preview:large, max-video-preview:-1\" \/>\n<link rel=\"canonical\" href=\"https:\/\/dev.hydriawater.se\/no\/trygghetsavtale\/\" \/>\n<meta property=\"og:locale\" content=\"nb_NO\" \/>\n<meta property=\"og:type\" content=\"article\" \/>\n<meta property=\"og:title\" content=\"Trygghetsavtale &#8211; Hydria Water\" \/>\n<meta property=\"og:description\" content=\"Trygghetsavtale N\u00e5r du tegner Hydria Waters Trygghetsavtale, utf\u00f8rer v\u00e5re eksperter regelmessig og forebyggende tilsyn av maskinene vi har levert. Vi holder oversikt over serviceintervaller, bestiller og gjennomf\u00f8rer inspeksjoner. Trygghetsavtalen gir deg som kunde trygghet i at all utstyr fungerer som det skal, og minimerer risikoen for akutte driftsstopp. \u00a0 Med en trygghetsavtale er du alltid [&hellip;]\" \/>\n<meta property=\"og:url\" content=\"https:\/\/dev.hydriawater.se\/no\/trygghetsavtale\/\" \/>\n<meta property=\"og:site_name\" content=\"Hydria Water\" \/>\n<meta property=\"article:modified_time\" content=\"2024-09-06T14:07:56+00:00\" \/>\n<meta name=\"twitter:card\" content=\"summary_large_image\" \/>\n<meta name=\"twitter:label1\" content=\"Est. reading time\" \/>\n\t<meta name=\"twitter:data1\" content=\"1 minute\" \/>\n<script type=\"application\/ld+json\" class=\"yoast-schema-graph\">{\"@context\":\"https:\/\/schema.org\",\"@graph\":[{\"@type\":\"WebPage\",\"@id\":\"https:\/\/dev.hydriawater.se\/no\/trygghetsavtale\/\",\"url\":\"https:\/\/dev.hydriawater.se\/no\/trygghetsavtale\/\",\"name\":\"Trygghetsavtale &#8211; Hydria Water\",\"isPartOf\":{\"@id\":\"https:\/\/dev.hydriawater.se\/no\/#website\"},\"datePublished\":\"2023-10-10T08:57:17+00:00\",\"dateModified\":\"2024-09-06T14:07:56+00:00\",\"breadcrumb\":{\"@id\":\"https:\/\/dev.hydriawater.se\/no\/trygghetsavtale\/#breadcrumb\"},\"inLanguage\":\"nb-NO\",\"potentialAction\":[{\"@type\":\"ReadAction\",\"target\":[\"https:\/\/dev.hydriawater.se\/no\/trygghetsavtale\/\"]}]},{\"@type\":\"BreadcrumbList\",\"@id\":\"https:\/\/dev.hydriawater.se\/no\/trygghetsavtale\/#breadcrumb\",\"itemListElement\":[{\"@type\":\"ListItem\",\"position\":1,\"name\":\"Hem\",\"item\":\"https:\/\/dev.hydriawater.se\/no\/\"},{\"@type\":\"ListItem\",\"position\":2,\"name\":\"Trygghetsavtale\"}]},{\"@type\":\"WebSite\",\"@id\":\"https:\/\/dev.hydriawater.se\/no\/#website\",\"url\":\"https:\/\/dev.hydriawater.se\/no\/\",\"name\":\"Hydria Water\",\"description\":\"\",\"publisher\":{\"@id\":\"https:\/\/dev.hydriawater.se\/no\/#organization\"},\"potentialAction\":[{\"@type\":\"SearchAction\",\"target\":{\"@type\":\"EntryPoint\",\"urlTemplate\":\"https:\/\/dev.hydriawater.se\/no\/?s={search_term_string}\"},\"query-input\":{\"@type\":\"PropertyValueSpecification\",\"valueRequired\":true,\"valueName\":\"search_term_string\"}}],\"inLanguage\":\"nb-NO\"},{\"@type\":\"Organization\",\"@id\":\"https:\/\/dev.hydriawater.se\/no\/#organization\",\"name\":\"Hydria Water AB\",\"url\":\"https:\/\/dev.hydriawater.se\/no\/\",\"logo\":{\"@type\":\"ImageObject\",\"inLanguage\":\"nb-NO\",\"@id\":\"https:\/\/dev.hydriawater.se\/no\/#\/schema\/logo\/image\/\",\"url\":\"https:\/\/dev.hydriawater.se\/wp-content\/uploads\/2023\/05\/hydriawater_logo_neg.png\",\"contentUrl\":\"https:\/\/dev.hydriawater.se\/wp-content\/uploads\/2023\/05\/hydriawater_logo_neg.png\",\"width\":1426,\"height\":399,\"caption\":\"Hydria Water AB\"},\"image\":{\"@id\":\"https:\/\/dev.hydriawater.se\/no\/#\/schema\/logo\/image\/\"}}]}<\/script>\n<!-- \/ Yoast SEO plugin. -->","yoast_head_json":{"title":"Trygghetsavtale &#8211; Hydria Water","robots":{"index":"index","follow":"follow","max-snippet":"max-snippet:-1","max-image-preview":"max-image-preview:large","max-video-preview":"max-video-preview:-1"},"canonical":"https:\/\/dev.hydriawater.se\/no\/trygghetsavtale\/","og_locale":"nb_NO","og_type":"article","og_title":"Trygghetsavtale &#8211; Hydria Water","og_description":"Trygghetsavtale N\u00e5r du tegner Hydria Waters Trygghetsavtale, utf\u00f8rer v\u00e5re eksperter regelmessig og forebyggende tilsyn av maskinene vi har levert. Vi holder oversikt over serviceintervaller, bestiller og gjennomf\u00f8rer inspeksjoner. Trygghetsavtalen gir deg som kunde trygghet i at all utstyr fungerer som det skal, og minimerer risikoen for akutte driftsstopp. \u00a0 Med en trygghetsavtale er du alltid [&hellip;]","og_url":"https:\/\/dev.hydriawater.se\/no\/trygghetsavtale\/","og_site_name":"Hydria Water","article_modified_time":"2024-09-06T14:07:56+00:00","twitter_card":"summary_large_image","twitter_misc":{"Est. reading time":"1 minute"},"schema":{"@context":"https:\/\/schema.org","@graph":[{"@type":"WebPage","@id":"https:\/\/dev.hydriawater.se\/no\/trygghetsavtale\/","url":"https:\/\/dev.hydriawater.se\/no\/trygghetsavtale\/","name":"Trygghetsavtale &#8211; Hydria Water","isPartOf":{"@id":"https:\/\/dev.hydriawater.se\/no\/#website"},"datePublished":"2023-10-10T08:57:17+00:00","dateModified":"2024-09-06T14:07:56+00:00","breadcrumb":{"@id":"https:\/\/dev.hydriawater.se\/no\/trygghetsavtale\/#breadcrumb"},"inLanguage":"nb-NO","potentialAction":[{"@type":"ReadAction","target":["https:\/\/dev.hydriawater.se\/no\/trygghetsavtale\/"]}]},{"@type":"BreadcrumbList","@id":"https:\/\/dev.hydriawater.se\/no\/trygghetsavtale\/#breadcrumb","itemListElement":[{"@type":"ListItem","position":1,"name":"Hem","item":"https:\/\/dev.hydriawater.se\/no\/"},{"@type":"ListItem","position":2,"name":"Trygghetsavtale"}]},{"@type":"WebSite","@id":"https:\/\/dev.hydriawater.se\/no\/#website","url":"https:\/\/dev.hydriawater.se\/no\/","name":"Hydria Water","description":"","publisher":{"@id":"https:\/\/dev.hydriawater.se\/no\/#organization"},"potentialAction":[{"@type":"SearchAction","target":{"@type":"EntryPoint","urlTemplate":"https:\/\/dev.hydriawater.se\/no\/?s={search_term_string}"},"query-input":{"@type":"PropertyValueSpecification","valueRequired":true,"valueName":"search_term_string"}}],"inLanguage":"nb-NO"},{"@type":"Organization","@id":"https:\/\/dev.hydriawater.se\/no\/#organization","name":"Hydria Water AB","url":"https:\/\/dev.hydriawater.se\/no\/","logo":{"@type":"ImageObject","inLanguage":"nb-NO","@id":"https:\/\/dev.hydriawater.se\/no\/#\/schema\/logo\/image\/","url":"https:\/\/dev.hydriawater.se\/wp-content\/uploads\/2023\/05\/hydriawater_logo_neg.png","contentUrl":"https:\/\/dev.hydriawater.se\/wp-content\/uploads\/2023\/05\/hydriawater_logo_neg.png","width":1426,"height":399,"caption":"Hydria Water AB"},"image":{"@id":"https:\/\/dev.hydriawater.se\/no\/#\/schema\/logo\/image\/"}}]}},"_links":{"self":[{"href":"https:\/\/dev.hydriawater.se\/no\/wp-json\/wp\/v2\/pages\/3863","targetHints":{"allow":["GET"]}}],"collection":[{"href":"https:\/\/dev.hydriawater.se\/no\/wp-json\/wp\/v2\/pages"}],"about":[{"href":"https:\/\/dev.hydriawater.se\/no\/wp-json\/wp\/v2\/types\/page"}],"author":[{"embeddable":true,"href":"https:\/\/dev.hydriawater.se\/no\/wp-json\/wp\/v2\/users\/1"}],"replies":[{"embeddable":true,"href":"https:\/\/dev.hydriawater.se\/no\/wp-json\/wp\/v2\/comments?post=3863"}],"version-history":[{"count":1,"href":"https:\/\/dev.hydriawater.se\/no\/wp-json\/wp\/v2\/pages\/3863\/revisions"}],"predecessor-version":[{"id":3864,"href":"https:\/\/dev.hydriawater.se\/no\/wp-json\/wp\/v2\/pages\/3863\/revisions\/3864"}],"wp:attachment":[{"href":"https:\/\/dev.hydriawater.se\/no\/wp-json\/wp\/v2\/media?parent=3863"}],"curies":[{"name":"wp","href":"https:\/\/api.w.org\/{rel}","templated":true}]}}